{"id":37,"date":"2021-04-07T17:48:18","date_gmt":"2021-04-07T17:48:18","guid":{"rendered":"http:\/\/insermas.com\/?page_id=37"},"modified":"2026-03-13T20:44:42","modified_gmt":"2026-03-13T20:44:42","slug":"contactenos","status":"publish","type":"page","link":"https:\/\/insermas.com\/index.php\/contactenos\/","title":{"rendered":"Contactenos"},"content":{"rendered":"<div class=\"row\"  id=\"row-174843016\">\n\n\t<div id=\"col-155022177\" class=\"col small-12 large-12\"  >\n\t\t<div class=\"col-inner\"  >\n\t\t\t\n\t\t\t\n\t<div id=\"gap-1852863886\" class=\"gap-element clearfix show-for-small\" style=\"display:block; height:auto;\">\n\t\t\n<style>\n#gap-1852863886 {\n  padding-top: 30px;\n}\n<\/style>\n\t<\/div>\n\t\n<h3>\u00bfPORQUE TRABAJAR CON INSERMAS?<\/h3>\n<p>En Insermas nos preocupamos en todo momento por alcanzar los mejores resultados, velar por la seguridad y garantizar la optimizaci\u00f3n de los recursos y procesos logrando as\u00ed finalizar los proyectos en un menor tiempo, bajo un enfoque de calidad y satisfacci\u00f3n de nuestros clientes y aliados.<\/p>\n<p>Somos expertos en proyectos que abarcan desde el dise\u00f1o, armado y desarmado de andamios multidireccionales Certificados en plantas industriales, ingenier\u00eda de proyectos, fabricaciones, mantenimientos metalmec\u00e1nicos y obras civiles, lo cual nos permite brindar una soluci\u00f3n integral a las necesidades del mercado Nacional e Internacional.<\/p>\n<p>Actualmente contamos con m\u00e1s de 1000 toneladas de Andamios certificados por 7 instituciones de renombre mundial, equipos y software de \u00faltima<br \/>generaci\u00f3n para los procesos de fabricaci\u00f3n y mantenimientos metalmec\u00e1nicos.<\/p>\n\t\t<\/div>\n\t\t\t<\/div>\n\n\t\n<\/div>\n<div class=\"row hide-for-medium\"  id=\"row-1025485489\">\n\n\t<div id=\"col-2047763398\" class=\"col medium-6 small-12 large-6\"  >\n\t\t<div class=\"col-inner\"  >\n\t\t\t\n\t\t\t\n<div class=\"row row-collapse row-full-width align-middle align-center\"  id=\"row-828750680\">\n\n\t<div id=\"col-2124430012\" class=\"col medium-6 small-12 large-6\"  >\n\t\t<div class=\"col-inner\"  >\n\t\t\t\n\t\t\t\n<h3>OFICINA PRINCIPAL<\/h3>\n<p>KM 2 JUAN MINA #125 &#8211; 98<br \/>Barranquilla &#8211; Colombia<\/p>\n<p>Cel:\u00a0 \u00a0 \u00a0(+57) 3104507172<br \/>Email: insermasco@insermas.com<\/p>\n<p>\u00a0<\/p>\n<p><strong><span style=\"font-size: 130%;\">Ing. Alexander Castilla Anaya<\/span><\/strong><\/p>\n<p>EMAIL. director@insermas.com<br \/><span style=\"font-size: 90%;\">DIRECTOR OPERATIVO<\/span><\/p>\n<p>\u00a0<\/p>\n<p>CEL: 3226761362<\/p>\n\t\t<\/div>\n\t\t\t<\/div>\n\n\t\n\n\t<div id=\"col-623284745\" class=\"col medium-6 small-12 large-6\"  >\n\t\t<div class=\"col-inner\"  >\n\t\t\t\n\t\t\t\n\t<div class=\"img has-hover x md-x lg-x y md-y lg-y\" id=\"image_1215169625\">\n\t\t\t\t\t\t\t\t<div class=\"img-inner dark\" >\n\t\t\t<img width=\"858\" height=\"350\" src=\"https:\/\/insermas.com\/wp-content\/uploads\/2021\/04\/logs1.png\" class=\"attachment-large size-large\" alt=\"\" loading=\"lazy\" srcset=\"https:\/\/insermas.com\/wp-content\/uploads\/2021\/04\/logs1.png 858w, https:\/\/insermas.com\/wp-content\/uploads\/2021\/04\/logs1-600x245.png 600w, https:\/\/insermas.com\/wp-content\/uploads\/2021\/04\/logs1-300x122.png 300w, https:\/\/insermas.com\/wp-content\/uploads\/2021\/04\/logs1-768x313.png 768w\" sizes=\"(max-width: 858px) 100vw, 858px\" \/>\t\t\t\t\t\t\n\t\t\t\t\t<\/div>\n\t\t\t\t\t\t\t\t\n<style>\n#image_1215169625 {\n  width: 100%;\n}\n<\/style>\n\t<\/div>\n\t\n\t\t<\/div>\n\t\t\t<\/div>\n\n\t\n<\/div>\n\t\t<\/div>\n\t\t\t<\/div>\n\n\t\n\n\t<div id=\"col-295843877\" class=\"col medium-6 small-12 large-6\"  >\n\t\t<div class=\"col-inner\"  >\n\t\t\t\n\t\t\t\n<h2 class=\"uppercase\" style=\"text-align: center;\">FORMULARIO DE CONTACTO<\/h2>\n<div role=\"form\" class=\"wpcf7\" id=\"wpcf7-f6-o1\" lang=\"es-ES\" dir=\"ltr\">\n<div class=\"screen-reader-response\"><p role=\"status\" aria-live=\"polite\" aria-atomic=\"true\"><\/p> <ul><\/ul><\/div>\n<form action=\"\/index.php\/wp-json\/wp\/v2\/pages\/37#wpcf7-f6-o1\" method=\"post\" class=\"wpcf7-form init\" novalidate=\"novalidate\" data-status=\"init\">\n<div style=\"display: none;\">\n<input type=\"hidden\" name=\"_wpcf7\" value=\"6\" \/>\n<input type=\"hidden\" name=\"_wpcf7_version\" value=\"5.4\" \/>\n<input type=\"hidden\" name=\"_wpcf7_locale\" value=\"es_ES\" \/>\n<input type=\"hidden\" name=\"_wpcf7_unit_tag\" value=\"wpcf7-f6-o1\" \/>\n<input type=\"hidden\" name=\"_wpcf7_container_post\" value=\"0\" \/>\n<input type=\"hidden\" name=\"_wpcf7_posted_data_hash\" value=\"\" \/>\n<\/div>\n<p><label> Nombre<br \/>\n    <span class=\"wpcf7-form-control-wrap your-name\"><input type=\"text\" name=\"your-name\" value=\"\" size=\"40\" class=\"wpcf7-form-control wpcf7-text wpcf7-validates-as-required\" aria-required=\"true\" aria-invalid=\"false\" \/><\/span> <\/label><\/p>\n<p><label> Email<br \/>\n    <span class=\"wpcf7-form-control-wrap your-email\"><input type=\"email\" name=\"your-email\" value=\"\" size=\"40\" class=\"wpcf7-form-control wpcf7-text wpcf7-email wpcf7-validates-as-required wpcf7-validates-as-email\" aria-required=\"true\" aria-invalid=\"false\" \/><\/span> <\/label><\/p>\n<p><label> Asunto<br \/>\n    <span class=\"wpcf7-form-control-wrap your-subject\"><input type=\"text\" name=\"your-subject\" value=\"\" size=\"40\" class=\"wpcf7-form-control wpcf7-text wpcf7-validates-as-required\" aria-required=\"true\" aria-invalid=\"false\" \/><\/span> <\/label><\/p>\n<p><label> Mensaje (optional)<br \/>\n    <span class=\"wpcf7-form-control-wrap your-message\"><textarea name=\"your-message\" cols=\"40\" rows=\"10\" class=\"wpcf7-form-control wpcf7-textarea\" aria-invalid=\"false\"><\/textarea><\/span> <\/label><\/p>\n<p><input type=\"submit\" value=\"ENVIAR\" class=\"wpcf7-form-control wpcf7-submit\" \/><\/p>\n<div class=\"wpcf7-response-output\" aria-hidden=\"true\"><\/div><\/form><\/div>\n\t\t<\/div>\n\t\t\t<\/div>\n\n\t\n<\/div>\n<div class=\"row show-for-small\"  id=\"row-425637810\">\n\n\t<div id=\"col-376003955\" class=\"col medium-6 small-12 large-6\"  >\n\t\t<div class=\"col-inner text-center\"  >\n\t\t\t\n\t\t\t\n<div class=\"row row-collapse row-full-width align-middle align-center\"  id=\"row-350791878\">\n\n\t<div id=\"col-96114238\" class=\"col medium-6 small-12 large-6\"  >\n\t\t<div class=\"col-inner\"  >\n\t\t\t\n\t\t\t\n<h3>OFICINA PRINCIPAL<\/h3>\n<p>Cra 57 # 99 a &#8211; 65 \/ Oficina 404<br \/>Torres Del Atl\u00e1ntico<br \/>Barranquilla &#8211; Colombia<\/p>\n<p>Cel:\u00a0 \u00a0 \u00a0(+57) 311 657 3591<br \/>Email: contacto@insermas.com<\/p>\n<p>\u00a0<\/p>\n<p><strong><span style=\"font-size: 130%;\">Ing. Osvaldo Acosta<\/span><\/strong><br \/><span style=\"font-size: 90%;\">ASESOR COMERCIAL<\/span><\/p>\n<p><img loading=\"lazy\" class=\"alignnone size-medium wp-image-174\" src=\"http:\/\/insermas.com\/wp-content\/uploads\/2021\/04\/Sin-titulo-1-300x108.png\" alt=\"\" width=\"300\" height=\"108\" srcset=\"https:\/\/insermas.com\/wp-content\/uploads\/2021\/04\/Sin-titulo-1-300x108.png 300w, https:\/\/insermas.com\/wp-content\/uploads\/2021\/04\/Sin-titulo-1-1024x368.png 1024w, https:\/\/insermas.com\/wp-content\/uploads\/2021\/04\/Sin-titulo-1-768x276.png 768w, https:\/\/insermas.com\/wp-content\/uploads\/2021\/04\/Sin-titulo-1.png 1415w\" sizes=\"(max-width: 300px) 100vw, 300px\" \/><\/p>\n\t\t<\/div>\n\t\t\t<\/div>\n\n\t\n\n\t<div id=\"col-571422865\" class=\"col medium-6 small-12 large-6\"  >\n\t\t<div class=\"col-inner\"  >\n\t\t\t\n\t\t\t\n\t<div class=\"img has-hover x md-x lg-x y md-y lg-y\" id=\"image_619387261\">\n\t\t\t\t\t\t\t\t<div class=\"img-inner dark\" >\n\t\t\t<img width=\"858\" height=\"350\" src=\"https:\/\/insermas.com\/wp-content\/uploads\/2021\/04\/logs1.png\" class=\"attachment-large size-large\" alt=\"\" loading=\"lazy\" srcset=\"https:\/\/insermas.com\/wp-content\/uploads\/2021\/04\/logs1.png 858w, https:\/\/insermas.com\/wp-content\/uploads\/2021\/04\/logs1-600x245.png 600w, https:\/\/insermas.com\/wp-content\/uploads\/2021\/04\/logs1-300x122.png 300w, https:\/\/insermas.com\/wp-content\/uploads\/2021\/04\/logs1-768x313.png 768w\" sizes=\"(max-width: 858px) 100vw, 858px\" \/>\t\t\t\t\t\t\n\t\t\t\t\t<\/div>\n\t\t\t\t\t\t\t\t\n<style>\n#image_619387261 {\n  width: 100%;\n}\n<\/style>\n\t<\/div>\n\t\n\t\t<\/div>\n\t\t\t<\/div>\n\n\t\n<\/div>\n\t\t<\/div>\n\t\t\t<\/div>\n\n\t\n\n\t<div id=\"col-2083317757\" class=\"col medium-6 small-12 large-6\"  >\n\t\t<div class=\"col-inner text-left\"  >\n\t\t\t\n\t\t\t\n<h2 class=\"uppercase\" style=\"text-align: center;\">FORMULARIO DE CONTACTO<\/h2>\n<div role=\"form\" class=\"wpcf7\" id=\"wpcf7-f6-o2\" lang=\"es-ES\" dir=\"ltr\">\n<div class=\"screen-reader-response\"><p role=\"status\" aria-live=\"polite\" aria-atomic=\"true\"><\/p> <ul><\/ul><\/div>\n<form action=\"\/index.php\/wp-json\/wp\/v2\/pages\/37#wpcf7-f6-o2\" method=\"post\" class=\"wpcf7-form init\" novalidate=\"novalidate\" data-status=\"init\">\n<div style=\"display: none;\">\n<input type=\"hidden\" name=\"_wpcf7\" value=\"6\" \/>\n<input type=\"hidden\" name=\"_wpcf7_version\" value=\"5.4\" \/>\n<input type=\"hidden\" name=\"_wpcf7_locale\" value=\"es_ES\" \/>\n<input type=\"hidden\" name=\"_wpcf7_unit_tag\" value=\"wpcf7-f6-o2\" \/>\n<input type=\"hidden\" name=\"_wpcf7_container_post\" value=\"0\" \/>\n<input type=\"hidden\" name=\"_wpcf7_posted_data_hash\" value=\"\" \/>\n<\/div>\n<p><label> Nombre<br \/>\n    <span class=\"wpcf7-form-control-wrap your-name\"><input type=\"text\" name=\"your-name\" value=\"\" size=\"40\" class=\"wpcf7-form-control wpcf7-text wpcf7-validates-as-required\" aria-required=\"true\" aria-invalid=\"false\" \/><\/span> <\/label><\/p>\n<p><label> Email<br \/>\n    <span class=\"wpcf7-form-control-wrap your-email\"><input type=\"email\" name=\"your-email\" value=\"\" size=\"40\" class=\"wpcf7-form-control wpcf7-text wpcf7-email wpcf7-validates-as-required wpcf7-validates-as-email\" aria-required=\"true\" aria-invalid=\"false\" \/><\/span> <\/label><\/p>\n<p><label> Asunto<br \/>\n    <span class=\"wpcf7-form-control-wrap your-subject\"><input type=\"text\" name=\"your-subject\" value=\"\" size=\"40\" class=\"wpcf7-form-control wpcf7-text wpcf7-validates-as-required\" aria-required=\"true\" aria-invalid=\"false\" \/><\/span> <\/label><\/p>\n<p><label> Mensaje (optional)<br \/>\n    <span class=\"wpcf7-form-control-wrap your-message\"><textarea name=\"your-message\" cols=\"40\" rows=\"10\" class=\"wpcf7-form-control wpcf7-textarea\" aria-invalid=\"false\"><\/textarea><\/span> <\/label><\/p>\n<p><input type=\"submit\" value=\"ENVIAR\" class=\"wpcf7-form-control wpcf7-submit\" \/><\/p>\n<div class=\"wpcf7-response-output\" aria-hidden=\"true\"><\/div><\/form><\/div>\n\t\t<\/div>\n\t\t\t<\/div>\n\n\t\n<\/div>\n","protected":false},"excerpt":{"rendered":"","protected":false},"author":1,"featured_media":0,"parent":0,"menu_order":0,"comment_status":"closed","ping_status":"closed","template":"","meta":[],"_links":{"self":[{"href":"https:\/\/insermas.com\/index.php\/wp-json\/wp\/v2\/pages\/37"}],"collection":[{"href":"https:\/\/insermas.com\/index.php\/wp-json\/wp\/v2\/pages"}],"about":[{"href":"https:\/\/insermas.com\/index.php\/wp-json\/wp\/v2\/types\/page"}],"author":[{"embeddable":true,"href":"https:\/\/insermas.com\/index.php\/wp-json\/wp\/v2\/users\/1"}],"replies":[{"embeddable":true,"href":"https:\/\/insermas.com\/index.php\/wp-json\/wp\/v2\/comments?post=37"}],"version-history":[{"count":12,"href":"https:\/\/insermas.com\/index.php\/wp-json\/wp\/v2\/pages\/37\/revisions"}],"predecessor-version":[{"id":191,"href":"https:\/\/insermas.com\/index.php\/wp-json\/wp\/v2\/pages\/37\/revisions\/191"}],"wp:attachment":[{"href":"https:\/\/insermas.com\/index.php\/wp-json\/wp\/v2\/media?parent=37"}],"curies":[{"name":"wp","href":"https:\/\/api.w.org\/{rel}","templated":true}]}}