{"id":29,"date":"2021-04-07T17:47:38","date_gmt":"2021-04-07T17:47:38","guid":{"rendered":"http:\/\/insermas.com\/?page_id=29"},"modified":"2021-04-07T19:52:44","modified_gmt":"2021-04-07T19:52:44","slug":"quienes-somos","status":"publish","type":"page","link":"https:\/\/insermas.com\/index.php\/quienes-somos\/","title":{"rendered":"Quienes Somos"},"content":{"rendered":"\t<section class=\"section\" id=\"section_919472317\">\n\t\t<div class=\"bg section-bg fill bg-fill  bg-loaded\" >\n\n\t\t\t\n\t\t\t\n\t\t\t\n\n\t\t<\/div>\n\n\t\t<div class=\"section-content relative\">\n\t\t\t\n\t<div id=\"gap-783525088\" class=\"gap-element clearfix\" style=\"display:block; height:auto;\">\n\t\t\n<style>\n#gap-783525088 {\n  padding-top: 30px;\n}\n<\/style>\n\t<\/div>\n\t\n<div class=\"row\"  id=\"row-1753334262\">\n\n\t<div id=\"col-1603076287\" class=\"col hide-for-medium medium-3 small-12 large-3\"  >\n\t\t<div class=\"col-inner\"  >\n\t\t\t\n\t\t\t\n\n  <div class=\"banner has-hover has-parallax\" id=\"banner-162684325\">\n          <div class=\"banner-inner fill\">\n        <div class=\"banner-bg fill\" data-parallax=\"-3\" data-parallax-container=\".banner\" data-parallax-background>\n            <div class=\"bg fill bg-fill \"><\/div>\n                                    \n                    <\/div>\n        <div class=\"banner-layers container\">\n            <div class=\"fill banner-link\"><\/div>            \n        <\/div>\n      <\/div>\n\n            \n<style>\n#banner-162684325 {\n  padding-top: 420px;\n}\n#banner-162684325 .bg.bg-loaded {\n  background-image: url(https:\/\/insermas.com\/wp-content\/uploads\/2021\/04\/banner2.png);\n}\n#banner-162684325 .bg {\n  background-position: 87% 55%;\n}\n<\/style>\n  <\/div>\n\n\n\t\t<\/div>\n\t\t\t<\/div>\n\n\t\n\n\t<div id=\"col-1517772826\" class=\"col hide-for-medium medium-3 small-12 large-3\"  >\n\t\t<div class=\"col-inner\"  >\n\t\t\t\n\t\t\t\n\t<div id=\"gap-2003685643\" class=\"gap-element clearfix\" style=\"display:block; height:auto;\">\n\t\t\n<style>\n#gap-2003685643 {\n  padding-top: 23px;\n}\n<\/style>\n\t<\/div>\n\t\n\n  <div class=\"banner has-hover has-parallax\" id=\"banner-2066968231\">\n          <div class=\"banner-inner fill\">\n        <div class=\"banner-bg fill\" data-parallax=\"-3\" data-parallax-container=\".banner\" data-parallax-background>\n            <div class=\"bg fill bg-fill \"><\/div>\n                                    \n                    <\/div>\n        <div class=\"banner-layers container\">\n            <div class=\"fill banner-link\"><\/div>            \n        <\/div>\n      <\/div>\n\n            \n<style>\n#banner-2066968231 {\n  padding-top: 380px;\n}\n#banner-2066968231 .bg.bg-loaded {\n  background-image: url(https:\/\/insermas.com\/wp-content\/uploads\/2021\/04\/banner2.png);\n}\n#banner-2066968231 .bg {\n  background-position: 14% 35%;\n}\n<\/style>\n  <\/div>\n\n\n\t\t<\/div>\n\t\t\t<\/div>\n\n\t\n\n\t<div id=\"col-1203122366\" class=\"col medium-6 small-12 large-6\"  >\n\t\t<div class=\"col-inner\"  >\n\t\t\t\n\t\t\t\n\t<div id=\"gap-109839758\" class=\"gap-element clearfix hide-for-medium\" style=\"display:block; height:auto;\">\n\t\t\n<style>\n#gap-109839758 {\n  padding-top: 49px;\n}\n<\/style>\n\t<\/div>\n\t\n<h1 class=\"uppercase\"><span style=\"font-size: 120%; color: #00a1f2;\">\u00bfquienes somos?<\/span><\/h1>\n<p><span style=\"color: #999999; font-size: 95%;\">Somos una organizaci\u00f3n l\u00edder en ingenier\u00eda, enfocada al sector industrial y de la construcci\u00f3n. Nuestro compromiso con el progreso de la sociedad nos motiva a buscar estrategias<br \/>\ninnovadoras para ofrecer servicios de excelente calidad y precios competitivos.<br \/>\nContamos con valores agregados y brindamos acompa\u00f1amiento a nuestros clientes en cada etapa de sus proyectos.<br \/>\nBuscar establecernos en el mercado y convertirnos en su mejor aliado es nuestro enfoque, por eso nos esforzamos en entregarles resultados exitosos y un buen manejo de sus presupuestos.<br \/>\nNos caracterizamos por tener profesionales altamente capacitados que garantizan la prestaci\u00f3n segura y confiable de todos nuestros servicios, cumpliendo con la normatividad legal vigente.<\/span><\/p>\n\t\t<\/div>\n\t\t\n<style>\n#col-1203122366 > .col-inner {\n  padding: 0px 10px 0px 20px;\n}\n<\/style>\n\t<\/div>\n\n\t\n<\/div>\n\n  <div class=\"banner has-hover hide-for-medium\" id=\"banner-2087275029\">\n          <div class=\"banner-inner fill\">\n        <div class=\"banner-bg fill\" >\n            <div class=\"bg fill bg-fill \"><\/div>\n                                    \n                    <\/div>\n        <div class=\"banner-layers container\">\n            <div class=\"fill banner-link\"><\/div>            \n   <div id=\"text-box-286913293\" class=\"text-box banner-layer x0 md-x0 lg-x0 y50 md-y50 lg-y50 res-text\">\n                                <div class=\"text \">\n              \n              <div class=\"text-inner text-center\">\n                  \n<h3 class=\"uppercase\" style=\"text-align: left;\"><span style=\"color: #00a1f2;\"><strong>Misi\u00f3n<\/strong><\/span><\/h3>\n<p style=\"text-align: left;\"><span style=\"font-size: 95%;\">INSERMAS S.A.S. ser\u00e1 reconocida como una organizaci\u00f3n l\u00edder en la prestaci\u00f3n de servicios de ingenier\u00eda especializados, enfocados en la industria y la construcci\u00f3n a nivel nacional e internacional. Para el a\u00f1o 2025, se posicionar\u00e1 en el mercado como una empresa innovadora en sus productos y servicios, que cumplan con los requisitos del cliente, garantizando as\u00ed la satisfacci\u00f3n de sus necesidades. Capacitamos constantemente a nuestro recurso humano para estar a la vanguardia de los cambios emitidos por nuestras partes interesadas y nuestra ventaja competitiva estar\u00e1 en la generaci\u00f3n de valor constante a trav\u00e9s de enfoque asociado a la innovaci\u00f3n.<\/span><\/p>\n<h3 class=\"uppercase\" style=\"text-align: left;\"><span style=\"color: #00a1f2;\"><strong>Visi\u00f3n<\/strong><\/span><\/h3>\n<p style=\"text-align: left;\">Brindar soluciones integrales para la industria y la construcci\u00f3n, desarrollando proyectos desde la etapa de planificaci\u00f3n, dise\u00f1o, ejecuci\u00f3n y mantenimientos especializados, optimizar los procesos con el fin de realizar los proyectos en el menor tiempo posible, actuando bajo los principios de rigurosidad, calidad y honestidad.<\/p>\n<h3 class=\"uppercase\" style=\"text-align: left;\"><span style=\"color: #00a1f2;\"><strong>Innovaci\u00f3n<\/strong><\/span><\/h3>\n<p style=\"text-align: left;\">Nuestro compromiso con el desarrollo de la sociedad nos lleva a buscar soluciones innovadoras a trav\u00e9s de la generaci\u00f3n de valor percibido por nuestros clientes y la constante b\u00fasqueda de la productividad organizacional, es por ello que: la innovaci\u00f3n resulta un pilar fundamental para la familia Insermas en su deseo de posicionamiento y crecimiento.<\/p>\n              <\/div>\n           <\/div>\n                            \n<style>\n#text-box-286913293 {\n  width: 56%;\n}\n#text-box-286913293 .text {\n  font-size: 100%;\n}\n<\/style>\n    <\/div>\n \n        <\/div>\n      <\/div>\n\n            \n<style>\n#banner-2087275029 {\n  padding-top: 688px;\n  background-color: rgb(255, 255, 255);\n}\n#banner-2087275029 .bg.bg-loaded {\n  background-image: url(https:\/\/insermas.com\/wp-content\/uploads\/2021\/04\/Sin-titulo-2-1024x522.png);\n}\n<\/style>\n  <\/div>\n\n\n\n  <div class=\"banner has-hover show-for-small\" id=\"banner-1645545104\">\n          <div class=\"banner-inner fill\">\n        <div class=\"banner-bg fill\" >\n            <div class=\"bg fill bg-fill \"><\/div>\n                                    \n                    <\/div>\n        <div class=\"banner-layers container\">\n            <div class=\"fill banner-link\"><\/div>            \n   <div id=\"text-box-1434878483\" class=\"text-box banner-layer x50 md-x0 lg-x0 y5 md-y50 lg-y50 res-text\">\n                                <div class=\"text \">\n              \n              <div class=\"text-inner text-center\">\n                  \n<h3 class=\"uppercase\" style=\"text-align: left;\"><span style=\"color: #00a1f2;\"><strong>Misi\u00f3n<\/strong><\/span><\/h3>\n<p style=\"text-align: left;\"><span style=\"font-size: 95%;\">INSERMAS S.A.S. ser\u00e1 reconocida como una organizaci\u00f3n l\u00edder en la prestaci\u00f3n de servicios de ingenier\u00eda especializados, enfocados en la industria y la construcci\u00f3n a nivel nacional e internacional. Para el a\u00f1o 2025, se posicionar\u00e1 en el mercado como una empresa innovadora en sus productos y servicios, que cumplan con los requisitos del cliente, garantizando as\u00ed la satisfacci\u00f3n de sus necesidades. Capacitamos constantemente a nuestro recurso humano para estar a la vanguardia de los cambios emitidos por nuestras partes interesadas y nuestra ventaja competitiva estar\u00e1 en la generaci\u00f3n de valor constante a trav\u00e9s de enfoque asociado a la innovaci\u00f3n.<\/span><\/p>\n<h3 class=\"uppercase\" style=\"text-align: left;\"><span style=\"color: #00a1f2;\"><strong>Visi\u00f3n<\/strong><\/span><\/h3>\n<p style=\"text-align: left;\">Brindar soluciones integrales para la industria y la construcci\u00f3n, desarrollando proyectos desde la etapa de planificaci\u00f3n, dise\u00f1o, ejecuci\u00f3n y mantenimientos especializados, optimizar los procesos con el fin de realizar los proyectos en el menor tiempo posible, actuando bajo los principios de rigurosidad, calidad y honestidad.<\/p>\n<h3 class=\"uppercase\" style=\"text-align: left;\"><span style=\"color: #00a1f2;\"><strong>Innovaci\u00f3n<\/strong><\/span><\/h3>\n<p style=\"text-align: left;\">Nuestro compromiso con el desarrollo de la sociedad nos lleva a buscar soluciones innovadoras a trav\u00e9s de la generaci\u00f3n de valor percibido por nuestros clientes y la constante b\u00fasqueda de la productividad organizacional, es por ello que: la innovaci\u00f3n resulta un pilar fundamental para la familia Insermas en su deseo de posicionamiento y crecimiento.<\/p>\n              <\/div>\n           <\/div>\n                            \n<style>\n#text-box-1434878483 {\n  width: 87%;\n}\n#text-box-1434878483 .text {\n  font-size: 100%;\n}\n@media (min-width:550px) {\n  #text-box-1434878483 {\n    width: 56%;\n  }\n}\n<\/style>\n    <\/div>\n \n        <\/div>\n      <\/div>\n\n            \n<style>\n#banner-1645545104 {\n  padding-top: 571px;\n  background-color: rgb(255, 255, 255);\n}\n#banner-1645545104 .bg.bg-loaded {\n  background-image: url(https:\/\/insermas.com\/wp-content\/uploads\/2021\/04\/Sin-titulo-2-1024x522.png);\n}\n#banner-1645545104 .bg {\n  background-position: 0% 40%;\n}\n@media (min-width:550px) {\n  #banner-1645545104 {\n    padding-top: 688px;\n  }\n}\n<\/style>\n  <\/div>\n\n\n\t\t<\/div>\n\n\t\t\n<style>\n#section_919472317 {\n  padding-top: 30px;\n  padding-bottom: 30px;\n}\n<\/style>\n\t<\/section>\n\t\n","protected":false},"excerpt":{"rendered":"","protected":false},"author":1,"featured_media":0,"parent":0,"menu_order":0,"comment_status":"closed","ping_status":"closed","template":"page-blank.php","meta":[],"_links":{"self":[{"href":"https:\/\/insermas.com\/index.php\/wp-json\/wp\/v2\/pages\/29"}],"collection":[{"href":"https:\/\/insermas.com\/index.php\/wp-json\/wp\/v2\/pages"}],"about":[{"href":"https:\/\/insermas.com\/index.php\/wp-json\/wp\/v2\/types\/page"}],"author":[{"embeddable":true,"href":"https:\/\/insermas.com\/index.php\/wp-json\/wp\/v2\/users\/1"}],"replies":[{"embeddable":true,"href":"https:\/\/insermas.com\/index.php\/wp-json\/wp\/v2\/comments?post=29"}],"version-history":[{"count":11,"href":"https:\/\/insermas.com\/index.php\/wp-json\/wp\/v2\/pages\/29\/revisions"}],"predecessor-version":[{"id":141,"href":"https:\/\/insermas.com\/index.php\/wp-json\/wp\/v2\/pages\/29\/revisions\/141"}],"wp:attachment":[{"href":"https:\/\/insermas.com\/index.php\/wp-json\/wp\/v2\/media?parent=29"}],"curies":[{"name":"wp","href":"https:\/\/api.w.org\/{rel}","templated":true}]}}