{"id":25,"date":"2021-04-07T17:45:29","date_gmt":"2021-04-07T17:45:29","guid":{"rendered":"http:\/\/insermas.com\/?page_id=25"},"modified":"2021-04-07T21:50:10","modified_gmt":"2021-04-07T21:50:10","slug":"pagina-principal","status":"publish","type":"page","link":"https:\/\/insermas.com\/","title":{"rendered":"Pagina Principal"},"content":{"rendered":"<div class=\"slider-wrapper relative hide-for-medium\" id=\"slider-1575032624\" >\n    <div class=\"slider slider-nav-circle slider-nav-large slider-nav-light slider-style-normal\"\n        data-flickity-options='{\n            \"cellAlign\": \"center\",\n            \"imagesLoaded\": true,\n            \"lazyLoad\": 1,\n            \"freeScroll\": false,\n            \"wrapAround\": true,\n            \"autoPlay\": 6000,\n            \"pauseAutoPlayOnHover\" : true,\n            \"prevNextButtons\": true,\n            \"contain\" : true,\n            \"adaptiveHeight\" : true,\n            \"dragThreshold\" : 10,\n            \"percentPosition\": true,\n            \"pageDots\": true,\n            \"rightToLeft\": false,\n            \"draggable\": true,\n            \"selectedAttraction\": 0.1,\n            \"parallax\" : 3,\n            \"friction\": 0.6        }'\n        >\n        \n\n  <div class=\"banner has-hover has-parallax\" id=\"banner-345478271\">\n          <div class=\"banner-inner fill\">\n        <div class=\"banner-bg fill\" data-parallax=\"-3\" data-parallax-container=\".banner\" data-parallax-background>\n            <div class=\"bg fill bg-fill \"><\/div>\n                                    \n                    <\/div>\n        <div class=\"banner-layers container\">\n            <div class=\"fill banner-link\"><\/div>            \n        <\/div>\n      <\/div>\n\n            \n<style>\n#banner-345478271 {\n  padding-top: 500px;\n}\n#banner-345478271 .bg.bg-loaded {\n  background-image: url(https:\/\/insermas.com\/wp-content\/uploads\/2021\/04\/banner1.png);\n}\n<\/style>\n  <\/div>\n\n\n\n  <div class=\"banner has-hover has-parallax\" id=\"banner-1913725995\">\n          <div class=\"banner-inner fill\">\n        <div class=\"banner-bg fill\" data-parallax=\"-3\" data-parallax-container=\".banner\" data-parallax-background>\n            <div class=\"bg fill bg-fill \"><\/div>\n                                    \n                    <\/div>\n        <div class=\"banner-layers container\">\n            <div class=\"fill banner-link\"><\/div>            \n        <\/div>\n      <\/div>\n\n            \n<style>\n#banner-1913725995 {\n  padding-top: 500px;\n}\n#banner-1913725995 .bg.bg-loaded {\n  background-image: url(https:\/\/insermas.com\/wp-content\/uploads\/2021\/04\/banner2.png);\n}\n<\/style>\n  <\/div>\n\n\n     <\/div>\n\n     <div class=\"loading-spin dark large centered\"><\/div>\n\n     <\/div>\n\n\n\t<div id=\"gap-530555859\" class=\"gap-element clearfix\" style=\"display:block; height:auto;\">\n\t\t\n<style>\n#gap-530555859 {\n  padding-top: 30px;\n}\n<\/style>\n\t<\/div>\n\t\n\n  <div class=\"banner has-hover hide-for-medium\" id=\"banner-1034871359\">\n          <div class=\"banner-inner fill\">\n        <div class=\"banner-bg fill\" >\n            <div class=\"bg fill bg-fill \"><\/div>\n                                    \n                    <\/div>\n        <div class=\"banner-layers container\">\n            <div class=\"fill banner-link\"><\/div>            \n   <div id=\"text-box-1190137364\" class=\"text-box banner-layer hide-for-medium x5 md-x5 lg-x5 y90 md-y90 lg-y90 res-text\">\n                                <div class=\"text dark\">\n              \n              <div class=\"text-inner text-center\">\n                  \n<h3 style=\"text-align: left;\"><span style=\"font-size: 120%;\"><strong><span style=\"color: #00a1f2;\">\u00bfQUIENES SOMOS?<\/span><\/strong><\/span><\/h3>\n<p style=\"text-align: left;\"><span style=\"color: #282828; font-size: 95%;\">Somos una organizaci\u00f3n l\u00edder en ingenier\u00eda, enfocada al sector industrial y de la construcci\u00f3n. Nuestro compromiso con el progreso de la sociedad nos motiva a buscar estrategias innovadoras para ofrecer servicios de excelente calidad y precios competitivos. <\/span><\/p>\n<p style=\"text-align: left;\"><span style=\"color: #282828; font-size: 95%;\">Contamos con valores agregados y brindamos acompa\u00f1amiento a nuestros clientes en cada etapa de sus proyectos. <\/span><\/p>\n<p style=\"text-align: left;\"><span style=\"color: #282828; font-size: 95%;\">Buscar establecernos en el mercado y convertirnos en su mejor aliado es nuestro enfoque, por eso nos esforzamos en entregarles resultados exitosos y un buen manejo de sus presupuestos. <\/span><\/p>\n<p style=\"text-align: left;\"><span style=\"color: #282828; font-size: 95%;\">Nos caracterizamos por tener profesionales altamente capacitados que garantizan la prestaci\u00f3n segura y confiable de todos nuestros servicios, cumpliendo con la normatividad legal vigente.<\/span><\/p>\n              <\/div>\n           <\/div>\n                            \n<style>\n#text-box-1190137364 {\n  width: 83%;\n}\n#text-box-1190137364 .text {\n  font-size: 100%;\n}\n@media (min-width:550px) {\n  #text-box-1190137364 {\n    width: 62%;\n  }\n}\n<\/style>\n    <\/div>\n \n        <\/div>\n      <\/div>\n\n            \n<style>\n#banner-1034871359 {\n  padding-top: 700px;\n  background-color: rgb(255, 255, 255);\n}\n#banner-1034871359 .bg.bg-loaded {\n  background-image: url(https:\/\/insermas.com\/wp-content\/uploads\/2021\/04\/banner_quienes.png);\n}\n#banner-1034871359 .bg {\n  background-position: 0% 0%;\n}\n<\/style>\n  <\/div>\n\n\n\n  <div class=\"banner has-hover show-for-small\" id=\"banner-945808800\">\n          <div class=\"banner-inner fill\">\n        <div class=\"banner-bg fill\" >\n            <div class=\"bg fill bg-fill \"><\/div>\n                                    \n                    <\/div>\n        <div class=\"banner-layers container\">\n            <div class=\"fill banner-link\"><\/div>            \n   <div id=\"text-box-1989827288\" class=\"text-box banner-layer show-for-small x50 md-x0 lg-x0 y95 md-y100 lg-y100 res-text\">\n                                <div class=\"text dark\">\n              \n              <div class=\"text-inner text-center\">\n                  \n<h3 style=\"text-align: left;\"><span style=\"font-size: 120%;\"><strong><span style=\"color: #00a1f2;\">\u00bfQUIENES SOMOS?<\/span><\/strong><\/span><\/h3>\n<p style=\"text-align: left;\"><span style=\"color: #282828; font-size: 95%;\">Somos una organizaci\u00f3n l\u00edder en ingenier\u00eda, enfocada al sector industrial y de la construcci\u00f3n. Nuestro compromiso con el progreso de la sociedad nos motiva a buscar estrategias innovadoras para ofrecer servicios de excelente calidad y precios competitivos. <\/span><\/p>\n<p style=\"text-align: left;\"><span style=\"color: #282828; font-size: 95%;\">Contamos con valores agregados y brindamos acompa\u00f1amiento a nuestros clientes en cada etapa de sus proyectos. <\/span><\/p>\n<p style=\"text-align: left;\"><span style=\"color: #282828; font-size: 95%;\">Buscar establecernos en el mercado y convertirnos en su mejor aliado es nuestro enfoque, por eso nos esforzamos en entregarles resultados exitosos y un buen manejo de sus presupuestos. <\/span><\/p>\n<p style=\"text-align: left;\"><span style=\"color: #282828; font-size: 95%;\">Nos caracterizamos por tener profesionales altamente capacitados que garantizan la prestaci\u00f3n segura y confiable de todos nuestros servicios, cumpliendo con la normatividad legal vigente.<\/span><\/p>\n              <\/div>\n           <\/div>\n                            \n<style>\n#text-box-1989827288 {\n  width: 95%;\n}\n#text-box-1989827288 .text {\n  font-size: 100%;\n}\n@media (min-width:550px) {\n  #text-box-1989827288 {\n    width: 62%;\n  }\n}\n<\/style>\n    <\/div>\n \n        <\/div>\n      <\/div>\n\n            \n<style>\n#banner-945808800 {\n  padding-top: 532px;\n  background-color: rgb(255, 255, 255);\n}\n#banner-945808800 .bg.bg-loaded {\n  background-image: url(https:\/\/insermas.com\/wp-content\/uploads\/2021\/04\/banner_quienes-1024x522.png);\n}\n#banner-945808800 .bg {\n  background-position: 27% 63%;\n}\n<\/style>\n  <\/div>\n\n\n<div class=\"row\"  id=\"row-428581867\">\n\n\t<div id=\"col-705841652\" class=\"col small-12 large-12\"  >\n\t\t<div class=\"col-inner text-center\"  >\n\t\t\t\n\t\t\t\n\n  \n    <div id=\"row-1479335063\" class=\"row large-columns-3 medium-columns-1 small-columns-1 row-masonry\" data-packery-options='{\"itemSelector\": \".col\", \"gutter\": 0, \"presentageWidth\" : true}'>\n\n  <\/div>\n\t\t<\/div>\n\t\t\t<\/div>\n\n\t\n<\/div>\n\t<section class=\"section hide-for-medium\" id=\"section_2145062463\">\n\t\t<div class=\"bg section-bg fill bg-fill  bg-loaded\" >\n\n\t\t\t\n\t\t\t\n\t\t\t\n\n\t\t<\/div>\n\n\t\t<div class=\"section-content relative\">\n\t\t\t\n\t<div class=\"img has-hover hidden x md-x lg-x y md-y lg-y\" id=\"image_1766441301\">\n\t\t\t\t\t\t\t\t<div class=\"img-inner dark\" >\n\t\t\t<img width=\"7999\" height=\"3658\" src=\"https:\/\/insermas.com\/wp-content\/uploads\/2021\/04\/banner.png\" class=\"attachment-original size-original\" alt=\"\" loading=\"lazy\" srcset=\"https:\/\/insermas.com\/wp-content\/uploads\/2021\/04\/banner.png 7999w, https:\/\/insermas.com\/wp-content\/uploads\/2021\/04\/banner-300x137.png 300w, https:\/\/insermas.com\/wp-content\/uploads\/2021\/04\/banner-1024x468.png 1024w, https:\/\/insermas.com\/wp-content\/uploads\/2021\/04\/banner-768x351.png 768w, https:\/\/insermas.com\/wp-content\/uploads\/2021\/04\/banner-1536x702.png 1536w, https:\/\/insermas.com\/wp-content\/uploads\/2021\/04\/banner-2048x937.png 2048w\" sizes=\"(max-width: 7999px) 100vw, 7999px\" \/>\t\t\t\t\t\t\n\t\t\t\t\t<\/div>\n\t\t\t\t\t\t\t\t\n<style>\n#image_1766441301 {\n  width: 100%;\n}\n<\/style>\n\t<\/div>\n\t\n\t<div class=\"img has-hover x md-x lg-x y md-y lg-y\" id=\"image_1421752362\">\n\t\t\t\t\t\t\t\t<div class=\"img-inner dark\" >\n\t\t\t<img width=\"2560\" height=\"1301\" src=\"https:\/\/insermas.com\/wp-content\/uploads\/2021\/04\/Sin-titulo-5-1-scaled.jpg\" class=\"attachment-original size-original\" alt=\"\" loading=\"lazy\" srcset=\"https:\/\/insermas.com\/wp-content\/uploads\/2021\/04\/Sin-titulo-5-1-scaled.jpg 2560w, https:\/\/insermas.com\/wp-content\/uploads\/2021\/04\/Sin-titulo-5-1-300x152.jpg 300w, https:\/\/insermas.com\/wp-content\/uploads\/2021\/04\/Sin-titulo-5-1-1024x520.jpg 1024w, https:\/\/insermas.com\/wp-content\/uploads\/2021\/04\/Sin-titulo-5-1-768x390.jpg 768w, https:\/\/insermas.com\/wp-content\/uploads\/2021\/04\/Sin-titulo-5-1-1536x781.jpg 1536w, https:\/\/insermas.com\/wp-content\/uploads\/2021\/04\/Sin-titulo-5-1-2048x1041.jpg 2048w\" sizes=\"(max-width: 2560px) 100vw, 2560px\" \/>\t\t\t\t\t\t\n\t\t\t\t\t<\/div>\n\t\t\t\t\t\t\t\t\n<style>\n#image_1421752362 {\n  width: 100%;\n}\n<\/style>\n\t<\/div>\n\t\n\t\t<\/div>\n\n\t\t\n<style>\n#section_2145062463 {\n  padding-top: 30px;\n  padding-bottom: 30px;\n}\n@media (min-width:550px) {\n  #section_2145062463 {\n    padding-top: 30px;\n    padding-bottom: 30px;\n  }\n}\n<\/style>\n\t<\/section>\n\t\n\t<div id=\"gap-1663763569\" class=\"gap-element clearfix show-for-small\" style=\"display:block; height:auto;\">\n\t\t\n<style>\n#gap-1663763569 {\n  padding-top: 70px;\n}\n@media (min-width:550px) {\n  #gap-1663763569 {\n    padding-top: 30px;\n  }\n}\n<\/style>\n\t<\/div>\n\t\n\n","protected":false},"excerpt":{"rendered":"","protected":false},"author":1,"featured_media":0,"parent":0,"menu_order":0,"comment_status":"closed","ping_status":"closed","template":"","meta":[],"_links":{"self":[{"href":"https:\/\/insermas.com\/index.php\/wp-json\/wp\/v2\/pages\/25"}],"collection":[{"href":"https:\/\/insermas.com\/index.php\/wp-json\/wp\/v2\/pages"}],"about":[{"href":"https:\/\/insermas.com\/index.php\/wp-json\/wp\/v2\/types\/page"}],"author":[{"embeddable":true,"href":"https:\/\/insermas.com\/index.php\/wp-json\/wp\/v2\/users\/1"}],"replies":[{"embeddable":true,"href":"https:\/\/insermas.com\/index.php\/wp-json\/wp\/v2\/comments?post=25"}],"version-history":[{"count":37,"href":"https:\/\/insermas.com\/index.php\/wp-json\/wp\/v2\/pages\/25\/revisions"}],"predecessor-version":[{"id":186,"href":"https:\/\/insermas.com\/index.php\/wp-json\/wp\/v2\/pages\/25\/revisions\/186"}],"wp:attachment":[{"href":"https:\/\/insermas.com\/index.php\/wp-json\/wp\/v2\/media?parent=25"}],"curies":[{"name":"wp","href":"https:\/\/api.w.org\/{rel}","templated":true}]}}